{"id":3,"date":"2024-12-06T12:36:46","date_gmt":"2024-12-06T11:36:46","guid":{"rendered":"http:\/\/catamaranoccitan.fr\/?page_id=3"},"modified":"2025-04-24T15:02:40","modified_gmt":"2025-04-24T13:02:40","slug":"politique-de-confidentialite","status":"publish","type":"page","link":"https:\/\/catamaranoccitan.fr\/index.php\/politique-de-confidentialite\/","title":{"rendered":"Politique de confidentialit\u00e9"},"content":{"rendered":"<p>[et_pb_section fb_built=\u00a0\u00bb1&Prime; _builder_version=\u00a0\u00bb4.16&Prime; global_colors_info=\u00a0\u00bb{}\u00a0\u00bb][et_pb_row _builder_version=\u00a0\u00bb4.16&Prime; background_size=\u00a0\u00bbinitial\u00a0\u00bb background_position=\u00a0\u00bbtop_left\u00a0\u00bb background_repeat=\u00a0\u00bbrepeat\u00a0\u00bb global_colors_info=\u00a0\u00bb{}\u00a0\u00bb][et_pb_column type=\u00a0\u00bb4_4&Prime; _builder_version=\u00a0\u00bb4.16&Prime; custom_padding=\u00a0\u00bb|||\u00a0\u00bb global_colors_info=\u00a0\u00bb{}\u00a0\u00bb custom_padding__hover=\u00a0\u00bb|||\u00a0\u00bb][et_pb_text _builder_version=\u00a0\u00bb4.27.4&Prime; background_size=\u00a0\u00bbinitial\u00a0\u00bb background_position=\u00a0\u00bbtop_left\u00a0\u00bb background_repeat=\u00a0\u00bbrepeat\u00a0\u00bb hover_enabled=\u00a0\u00bb0&Prime; global_colors_info=\u00a0\u00bb{}\u00a0\u00bb header_2_text_align=\u00a0\u00bbcenter\u00a0\u00bb header_2_text_color=\u00a0\u00bb#000000&Prime; header_2_font_size=\u00a0\u00bb40px\u00a0\u00bb sticky_enabled=\u00a0\u00bb0&Prime;]<\/p>\n<p><!-- divi:heading --><\/p>\n<h2 class=\"wp-block-heading\">Politique de confidentialit\u00e9<\/h2>\n<p><!-- \/divi:heading --><\/p>\n<p>[\/et_pb_text][\/et_pb_column][\/et_pb_row][et_pb_row _builder_version=\u00a0\u00bb4.27.4&Prime; _module_preset=\u00a0\u00bbdefault\u00a0\u00bb global_colors_info=\u00a0\u00bb{}\u00a0\u00bb][et_pb_column type=\u00a0\u00bb4_4&Prime; _builder_version=\u00a0\u00bb4.27.4&Prime; _module_preset=\u00a0\u00bbdefault\u00a0\u00bb hover_enabled=\u00a0\u00bb0&Prime; global_colors_info=\u00a0\u00bb{}\u00a0\u00bb sticky_enabled=\u00a0\u00bb0&Prime;][et_pb_text _builder_version=\u00a0\u00bb4.27.4&Prime; _module_preset=\u00a0\u00bbdefault\u00a0\u00bb header_2_text_align=\u00a0\u00bbleft\u00a0\u00bb hover_enabled=\u00a0\u00bb0&Prime; global_colors_info=\u00a0\u00bb{}\u00a0\u00bb header_2_text_color=\u00a0\u00bb#000000&Prime; text_text_color=\u00a0\u00bb#000000&Prime; sticky_enabled=\u00a0\u00bb0&Prime;]<\/p>\n<h2><strong>Introduction<\/strong><strong><\/strong><\/h2>\n<div>\n<p class=\"font_8\"><span class=\"color_15\">Devant le d\u00e9veloppement des nouveaux outils de communication, il est n\u00e9cessaire de porter une attention particuli\u00e8re \u00e0 la protection de la vie priv\u00e9e. C\u2019est pourquoi, nous nous engageons \u00e0 respecter la confidentialit\u00e9 des renseignements personnels que nous collectons.<\/span><\/p>\n<p class=\"font_8\">\u00a0<span class=\"color_15\">La pr\u00e9sente Politique G\u00e9n\u00e9rale de Protection des Donn\u00e9es Personnelles vise ainsi \u00e0 expliquer en toute transparence les r\u00e8gles de mise en \u0153uvre des traitements des donn\u00e9es \u00e0 caract\u00e8re personnel r\u00e9alis\u00e9es par Catamaran Occitan, et ce, conform\u00e9ment aux dispositions l\u00e9gislatives et r\u00e9glementaires en vigueur, que sont notamment la loi n\u00b078-17 du 6 janvier 1978 (ci-apr\u00e8s \u00ab Loi Informatique et Libert\u00e9s \u00bb), le r\u00e8glement europ\u00e9en n\u00b02016\/679 du 27 avril 2016 (ci-apr\u00e8s \u00ab R\u00e8glement RGPD \u00bb) ou encore les recommandations \u00e9dict\u00e9es par la Commission Nationale de l\u2019Informatique et des Libert\u00e9s (ci-apr\u00e8s \u00ab CNIL \u00bb).<\/span><\/p>\n<p class=\"font_8\">\u00a0<span class=\"color_15\">Cette Politique G\u00e9n\u00e9rale de Protection des Donn\u00e9es Personnelles est susceptible d\u2019\u00eatre modifi\u00e9e \u00e0 tout moment par Catamaran Occitan. Du fait des changements pouvant intervenir, nous vous invitons \u00e0 prendre r\u00e9guli\u00e8rement connaissance de cette derni\u00e8re.<\/span><\/p>\n<p class=\"font_8\"><strong><\/strong><\/p>\n<h4 class=\"font_8\"><strong><\/strong><\/h4>\n<h2 class=\"font_8\"><strong>Collecte des renseignements personnels<\/strong><\/h2>\n<\/div>\n<div><\/div>\n<div>\n<ul>\n<li>Pr\u00e9nom<\/li>\n<li>Adresse \u00e9lectronique<\/li>\n<\/ul>\n<\/div>\n<div><span>Les renseignements personnels que nous collectons sont recueillis au travers de formulaires et gr\u00e2ce \u00e0 l\u2019interactivit\u00e9 \u00e9tablie entre vous et notre site Web, directement en point de vente ou encore par t\u00e9l\u00e9phone.<\/span><\/div>\n<div><strong><\/strong><\/div>\n<h4><strong><\/strong><\/h4>\n<h4><strong><\/strong><\/h4>\n<h2><strong>Formulaires et interactivit\u00e9 :<\/strong><\/h2>\n<div>Vos renseignements personnels sont collect\u00e9s par le biais de formulaire, \u00e0 savoir :<\/div>\n<div><\/div>\n<div>\n<ul>\n<li>Formulaire d\u2019inscription au site Web<\/li>\n<\/ul>\n<\/div>\n<div>Nous utilisons les renseignements ainsi collect\u00e9s pour les finalit\u00e9s suivantes :<\/div>\n<div><\/div>\n<div>\n<ul>\n<li>Informations \/ Offres promotionnelles<\/li>\n<li>Contact<\/li>\n<\/ul>\n<\/div>\n<div>Vos renseignements sont \u00e9galement collect\u00e9s par le biais de l\u2019interactivit\u00e9 pouvant s\u2019\u00e9tablir entre vous et notre site Web, et ce, de la fa\u00e7on suivante :<\/div>\n<div><\/div>\n<div>\n<ul>\n<li>Commentaires<\/li>\n<li>Correspondance<\/li>\n<\/ul>\n<\/div>\n<div>Nous utilisons les renseignements ainsi collect\u00e9s pour les finalit\u00e9s suivantes :<\/div>\n<div><\/div>\n<div>\n<ul>\n<li>Informations ou pour des offres promotionnelles<\/li>\n<li>Contact<\/li>\n<\/ul>\n<\/div>\n<div><\/div>\n<h4><strong><\/strong><\/h4>\n<h2><strong>Droit d\u2019opposition et de retrait<\/strong><\/h2>\n<div>Nous nous engageons \u00e0 vous offrir un droit d\u2019opposition et de retrait quant \u00e0 vos renseignements personnels.<\/div>\n<div>Le droit d\u2019opposition s\u2019entend comme \u00e9tant la possibilit\u00e9 offerte aux internautes de refuser que leurs renseignements personnels soient utilis\u00e9s \u00e0 certaines fins mentionn\u00e9es lors de la collecte.<\/div>\n<div><\/div>\n<div>Le droit de retrait s\u2019entend comme \u00e9tant la possibilit\u00e9 offerte aux internautes de demander \u00e0 ce que leurs renseignements personnels ne figurent plus, par exemple, dans une liste de diffusion.<\/div>\n<div><\/div>\n<h4><strong><\/strong><\/h4>\n<h4><strong><\/strong><\/h4>\n<h2><strong>Pour pouvoir exercer ces droits, vous pouvez :<\/strong><\/h2>\n<div><\/div>\n<div>Adresse : <span class=\"color_15\">Catamaran Occitan, 2 Rue dur cordage 11560 Les Cabanes De Fleury<\/span><\/div>\n<div>Courriel :\u00a0 catamaran.occitan@yahoo.fr<\/div>\n<div>T\u00e9l\u00e9phone :\u00a0 0608673561<\/div>\n<div>Section du site web : catamaranoccitan.fr<\/div>\n<div><\/div>\n<h4><strong><\/strong><\/h4>\n<h4><strong><\/strong><\/h4>\n<h2><strong>Droit d\u2019acc\u00e8s<\/strong><\/h2>\n<div>\n<p class=\"font_8\"><span class=\"color_15\">Nous nous engageons \u00e0 reconna\u00eetre un droit d\u2019acc\u00e8s et de rectification aux personnes concern\u00e9es d\u00e9sireuses de consulter, modifier, voire radier les informations les concernant.<\/span><\/p>\n<p class=\"font_8\"><span class=\"color_15\">Pour pouvoir exercer ces droits, vous pouvez nous contacter :<\/span><\/p>\n<\/div>\n<div><\/div>\n<div>\n<div>Adresse : <span class=\"color_15\">Catamaran Occitan, 2 Rue dur cordage 11560 Les Cabanes De Fleury<\/span><\/div>\n<div>Courriel :\u00a0 catamaran.occitan@yahoo.fr<\/div>\n<div>T\u00e9l\u00e9phone :\u00a0 0608673561<\/div>\n<div>Section du site web : catamaranoccitan.fr<\/div>\n<\/div>\n<div><\/div>\n<h4><strong><\/strong><\/h4>\n<h4><strong><\/strong><\/h4>\n<h2><strong>S\u00e9curit\u00e9<\/strong><\/h2>\n<div>Les renseignements personnels que nous collectons sont conserv\u00e9s dans un environnement s\u00e9curis\u00e9. Les personnes travaillant pour nous sont tenues de respecter la confidentialit\u00e9 de vos informations.<\/div>\n<div><\/div>\n<div>Pour assurer la s\u00e9curit\u00e9 de vos renseignements personnels, nous avons recours aux mesures suivantes :<\/div>\n<div><\/div>\n<div>\n<ul>\n<li>Sauvegarde informatique<\/li>\n<\/ul>\n<\/div>\n<div>Nous nous engageons \u00e0 maintenir un haut degr\u00e9 de confidentialit\u00e9 en int\u00e9grant les derni\u00e8res innovations technologiques permettant d\u2019assurer la confidentialit\u00e9 de vos transactions. Toutefois, comme aucun m\u00e9canisme n\u2019offre une s\u00e9curit\u00e9 maximale, une part de risque est toujours pr\u00e9sente lorsque l\u2019on utilise Internet pour transmettre des renseignements personnels.<\/div>\n<div><\/div>\n<h4><strong><\/strong><\/h4>\n<h4><strong><\/strong><\/h4>\n<h2><strong>L\u00e9gislation<\/strong><\/h2>\n<div>Nous nous engageons \u00e0 respecter les dispositions l\u00e9gislatives \u00e9nonc\u00e9es dans :<\/div>\n<div><\/div>\n<div>L\u00e9gislation : Loi du 20 juin 2018 relative \u00e0 la protection des donn\u00e9es personnelles<\/div>\n<p>[\/et_pb_text][\/et_pb_column][\/et_pb_row][\/et_pb_section]<\/p>\n","protected":false},"excerpt":{"rendered":"<p>Politique de confidentialit\u00e9 Introduction Devant le d\u00e9veloppement des nouveaux outils de communication, il est n\u00e9cessaire de porter une attention particuli\u00e8re \u00e0 la protection de la vie priv\u00e9e. C\u2019est pourquoi, nous nous engageons \u00e0 respecter la confidentialit\u00e9 des renseignements personnels que nous collectons. \u00a0La pr\u00e9sente Politique G\u00e9n\u00e9rale de Protection des Donn\u00e9es Personnelles vise ainsi \u00e0 expliquer [&hellip;]<\/p>\n","protected":false},"author":1,"featured_media":0,"parent":0,"menu_order":0,"comment_status":"closed","ping_status":"closed","template":"","meta":{"_seopress_robots_primary_cat":"","_seopress_titles_title":"Politique de confidentialit\u00e9 - Catamaran Occitan","_seopress_titles_desc":"Toutes nos politiques de confidentialit\u00e9 sur cette page","_seopress_robots_index":"","_et_pb_use_builder":"on","_et_pb_old_content":"<!-- wp:heading -->\n<h2 class=\"wp-block-heading\"><\/h2>\n<!-- \/wp:heading -->","_et_gb_content_width":"","footnotes":""},"class_list":["post-3","page","type-page","status-publish","hentry"],"_links":{"self":[{"href":"https:\/\/catamaranoccitan.fr\/index.php\/wp-json\/wp\/v2\/pages\/3","targetHints":{"allow":["GET"]}}],"collection":[{"href":"https:\/\/catamaranoccitan.fr\/index.php\/wp-json\/wp\/v2\/pages"}],"about":[{"href":"https:\/\/catamaranoccitan.fr\/index.php\/wp-json\/wp\/v2\/types\/page"}],"author":[{"embeddable":true,"href":"https:\/\/catamaranoccitan.fr\/index.php\/wp-json\/wp\/v2\/users\/1"}],"replies":[{"embeddable":true,"href":"https:\/\/catamaranoccitan.fr\/index.php\/wp-json\/wp\/v2\/comments?post=3"}],"version-history":[{"count":6,"href":"https:\/\/catamaranoccitan.fr\/index.php\/wp-json\/wp\/v2\/pages\/3\/revisions"}],"predecessor-version":[{"id":391,"href":"https:\/\/catamaranoccitan.fr\/index.php\/wp-json\/wp\/v2\/pages\/3\/revisions\/391"}],"wp:attachment":[{"href":"https:\/\/catamaranoccitan.fr\/index.php\/wp-json\/wp\/v2\/media?parent=3"}],"curies":[{"name":"wp","href":"https:\/\/api.w.org\/{rel}","templated":true}]}}