{"id":441,"date":"2025-04-15T22:36:18","date_gmt":"2025-04-15T20:36:18","guid":{"rendered":"https:\/\/catamaranoccitan.fr\/?post_type=product&#038;p=441"},"modified":"2025-06-06T19:05:22","modified_gmt":"2025-06-06T17:05:22","slug":"balade-3h","status":"publish","type":"product","link":"https:\/\/catamaranoccitan.fr\/index.php\/produit\/balade-3h\/","title":{"rendered":"Balade 3h"},"content":{"rendered":"<p><strong><em>Tout achat d&rsquo;une place ne donne pas lieu \u00e0 une date de r\u00e9servation d\u00e9fini. La personne qui r\u00e9serve sa place sur le site se verra dans l&rsquo;obligation de r\u00e9server un cr\u00e9neau par t\u00e9l\u00e9phone au 06 08 67 35 61 pour faire valoir son activit\u00e9. Sa r\u00e9servation sera valable du 1\u1d49\u02b3 avril au 30 septembre 2025. Le jour de la r\u00e9servation, la personne devra venir avec les PI\u00c8CES D&rsquo;IDENTIT\u00c9 des enfants pour r\u00e9aliser l&rsquo;activit\u00e9. Toute pi\u00e8ce d&rsquo;identit\u00e9 manquante fera l&rsquo;objet d&rsquo;un motif d&rsquo;annulation de votre r\u00e9servation le jour m\u00eame. Veuillez vous renseigner sur les CGV pour toutes informations compl\u00e9mentaires.\u00a0<\/em><\/strong><\/p>\n","protected":false},"excerpt":{"rendered":"<p>Naviguez pendant 3h \u00e0 bord d&rsquo;un catamaran confortable et laissez-vous porter par la brise marine.<\/p>\n<p>Profitez d&rsquo;un cadre idyllique, entre mer scintillante et paysages c\u00f4tiers sublimes.<\/p>\n<p>Ambiance conviviale, baignade rafra\u00eechissante et d\u00e9tente assur\u00e9e pour une exp\u00e9rience inoubliable.<\/p>\n<p>Une escapade parfaite pour les amateurs de nature et d&rsquo;\u00e9vasion !<\/p>\n","protected":false},"featured_media":311,"comment_status":"open","ping_status":"closed","template":"","meta":{"_seopress_robots_primary_cat":"none","_seopress_titles_title":"","_seopress_titles_desc":"","_seopress_robots_index":"","_et_pb_use_builder":"","_et_pb_old_content":"","_et_gb_content_width":""},"product_brand":[],"product_cat":[23],"product_tag":[],"class_list":{"0":"post-441","1":"product","2":"type-product","3":"status-publish","4":"has-post-thumbnail","6":"product_cat-balade","8":"first","9":"instock","10":"shipping-taxable","11":"purchasable","12":"product-type-variable"},"_links":{"self":[{"href":"https:\/\/catamaranoccitan.fr\/index.php\/wp-json\/wp\/v2\/product\/441","targetHints":{"allow":["GET"]}}],"collection":[{"href":"https:\/\/catamaranoccitan.fr\/index.php\/wp-json\/wp\/v2\/product"}],"about":[{"href":"https:\/\/catamaranoccitan.fr\/index.php\/wp-json\/wp\/v2\/types\/product"}],"replies":[{"embeddable":true,"href":"https:\/\/catamaranoccitan.fr\/index.php\/wp-json\/wp\/v2\/comments?post=441"}],"wp:featuredmedia":[{"embeddable":true,"href":"https:\/\/catamaranoccitan.fr\/index.php\/wp-json\/wp\/v2\/media\/311"}],"wp:attachment":[{"href":"https:\/\/catamaranoccitan.fr\/index.php\/wp-json\/wp\/v2\/media?parent=441"}],"wp:term":[{"taxonomy":"product_brand","embeddable":true,"href":"https:\/\/catamaranoccitan.fr\/index.php\/wp-json\/wp\/v2\/product_brand?post=441"},{"taxonomy":"product_cat","embeddable":true,"href":"https:\/\/catamaranoccitan.fr\/index.php\/wp-json\/wp\/v2\/product_cat?post=441"},{"taxonomy":"product_tag","embeddable":true,"href":"https:\/\/catamaranoccitan.fr\/index.php\/wp-json\/wp\/v2\/product_tag?post=441"}],"curies":[{"name":"wp","href":"https:\/\/api.w.org\/{rel}","templated":true}]}}